{"id":188,"date":"2020-08-20T07:29:55","date_gmt":"2020-08-20T07:29:55","guid":{"rendered":"https:\/\/www.sadmon.com.mx\/?page_id=188"},"modified":"2022-08-23T01:43:31","modified_gmt":"2022-08-23T01:43:31","slug":"home","status":"publish","type":"page","link":"https:\/\/www.sadmon.com.mx\/","title":{"rendered":"Home"},"content":{"rendered":"\n<div class=\"wp-block-cover alignfull is-light\" style=\"min-height:476px;aspect-ratio:unset;\"><span aria-hidden=\"true\" class=\"wp-block-cover__background has-luminous-vivid-amber-background-color has-background-dim-10 has-background-dim\"><\/span><img loading=\"lazy\" decoding=\"async\" width=\"1920\" height=\"1080\" class=\"wp-block-cover__image-background wp-image-476\" alt=\"\" src=\"https:\/\/www.sadmon.com.mx\/wp-content\/uploads\/2022\/08\/31320-azul.jpg\" style=\"object-position:50% 50%\" data-object-fit=\"cover\" data-object-position=\"50% 50%\" srcset=\"https:\/\/www.sadmon.com.mx\/wp-content\/uploads\/2022\/08\/31320-azul.jpg 1920w, https:\/\/www.sadmon.com.mx\/wp-content\/uploads\/2022\/08\/31320-azul-300x169.jpg 300w, https:\/\/www.sadmon.com.mx\/wp-content\/uploads\/2022\/08\/31320-azul-1024x576.jpg 1024w, https:\/\/www.sadmon.com.mx\/wp-content\/uploads\/2022\/08\/31320-azul-768x432.jpg 768w, https:\/\/www.sadmon.com.mx\/wp-content\/uploads\/2022\/08\/31320-azul-1536x864.jpg 1536w, https:\/\/www.sadmon.com.mx\/wp-content\/uploads\/2022\/08\/31320-azul-600x338.jpg 600w\" sizes=\"auto, (max-width: 1920px) 100vw, 1920px\" \/><div class=\"wp-block-cover__inner-container is-layout-flow wp-block-cover-is-layout-flow\">\n<h4 class=\"has-text-align-left has-ast-global-color-4-color has-text-color wp-block-heading\">Superamos tus EXPECTATIVAS<\/h4>\n\n\n\n<h1 class=\"has-ast-global-color-8-color has-text-color wp-block-heading\">Sistema SADMON, para cualquier nivel de usuario<\/h1>\n\n\n\n<div class=\"wp-block-buttons is-layout-flex wp-block-buttons-is-layout-flex\">\n<div class=\"wp-block-button\"><a class=\"wp-block-button__link has-black-color has-luminous-vivid-amber-background-color has-text-color has-background\">solicita un demo<\/a><\/div>\n\n\n\n<div class=\"wp-block-button\"><a class=\"wp-block-button__link has-ast-global-color-5-color has-luminous-vivid-orange-background-color has-text-color has-background\" href=\"https:\/\/www.sadmon.com.mx\/?page_id=120\">ser distribuidor es f\u00e1cil y r\u00e1pido<\/a><\/div>\n\n\n\n<div class=\"wp-block-button has-custom-font-size is-style-outline has-medium-font-size is-style-outline--1\"><a class=\"wp-block-button__link has-luminous-vivid-amber-color has-vivid-red-background-color has-text-color has-background\">nueva versi\u00f3n cfdi 4.0<\/a><\/div>\n<\/div>\n<\/div><\/div>\n\n\n\n<div class=\"inherit-container-width wp-block-group alignfull has-ast-global-color-5-background-color has-background is-layout-constrained wp-block-group-is-layout-constrained\"><div class=\"wp-block-group__inner-container\">\n<div class=\"wp-block-columns are-vertically-aligned-center is-layout-flex wp-container-core-columns-is-layout-28f84493 wp-block-columns-is-layout-flex\">\n<div class=\"wp-block-column is-vertically-aligned-center is-layout-flow wp-block-column-is-layout-flow\">\n<div class=\"wp-block-uagb-info-box uagb-infobox__outer-wrap uagb-block-8ca22d2f\"><div class=\"uagb-infobox__content-wrap uagb-infobox uagb-infobox-has-icon uagb-infobox-icon-left uagb-infobox-left uagb-infobox-stacked-tablet uagb-infobox-image-valign-top uagb-infobox-enable-border-radius \"><div class=\"uagb-ifb-left-right-wrap\"><div class=\"uagb-ifb-image-icon-content uagb-ifb-imgicon-wrap\"><div class=\"uagb-ifb-icon-wrap\"><span class=\"uagb-ifb-icon\"><svg xmlns=\"http:\/\/www.w3.org\/2000\/svg\" viewBox=\"0 0 512 512\"><path d=\"M440.65 12.57l4 82.77A247.16 247.16 0 0 0 255.83 8C134.73 8 33.91 94.92 12.29 209.82A12 12 0 0 0 24.09 224h49.05a12 12 0 0 0 11.67-9.26 175.91 175.91 0 0 1 317-56.94l-101.46-4.86a12 12 0 0 0-12.57 12v47.41a12 12 0 0 0 12 12H500a12 12 0 0 0 12-12V12a12 12 0 0 0-12-12h-47.37a12 12 0 0 0-11.98 12.57zM255.83 432a175.61 175.61 0 0 1-146-77.8l101.8 4.87a12 12 0 0 0 12.57-12v-47.4a12 12 0 0 0-12-12H12a12 12 0 0 0-12 12V500a12 12 0 0 0 12 12h47.35a12 12 0 0 0 12-12.6l-4.15-82.57A247.17 247.17 0 0 0 255.83 504c121.11 0 221.93-86.92 243.55-201.82a12 12 0 0 0-11.8-14.18h-49.05a12 12 0 0 0-11.67 9.26A175.86 175.86 0 0 1 255.83 432z\"><\/path><\/svg><\/span><\/div><\/div><div class=\"uagb-ifb-content\"><div class=\"uagb-ifb-title-wrap\"><h5 class=\"uagb-ifb-title\">Sistema 100% garantizado o devoluci\u00f3n de dinero.<\/h5><\/div><div class=\"uagb-ifb-text-wrap\"><p class=\"uagb-ifb-desc\">Incluye instalaci\u00f3n y capacitaci\u00f3n en l\u00ednea, configuraci\u00f3n de impresoras, puesta a punto y monitoreo. <strong>Devoluci\u00f3n de dinero si no cubrimos tus necesidades.<\/strong><br><\/p><\/div><\/div><\/div><\/div><\/div>\n\n\n\n<div class=\"wp-block-uagb-info-box uagb-infobox__outer-wrap uagb-block-0b1995d7\"><div class=\"uagb-infobox__content-wrap uagb-infobox uagb-infobox-has-icon uagb-infobox-icon-left uagb-infobox-left uagb-infobox-stacked-tablet uagb-infobox-image-valign-top uagb-infobox-enable-border-radius \"><div class=\"uagb-ifb-left-right-wrap\"><div class=\"uagb-ifb-image-icon-content uagb-ifb-imgicon-wrap\"><div class=\"uagb-ifb-icon-wrap\"><span class=\"uagb-ifb-icon\"><svg xmlns=\"http:\/\/www.w3.org\/2000\/svg\" viewBox=\"0 0 384 512\"><path d=\"M224 136V0H24C10.7 0 0 10.7 0 24v464c0 13.3 10.7 24 24 24h336c13.3 0 24-10.7 24-24V160H248c-13.2 0-24-10.8-24-24zm60.1 106.5L224 336l60.1 93.5c5.1 8-.6 18.5-10.1 18.5h-34.9c-4.4 0-8.5-2.4-10.6-6.3C208.9 405.5 192 373 192 373c-6.4 14.8-10 20-36.6 68.8-2.1 3.9-6.1 6.3-10.5 6.3H110c-9.5 0-15.2-10.5-10.1-18.5l60.3-93.5-60.3-93.5c-5.2-8 .6-18.5 10.1-18.5h34.8c4.4 0 8.5 2.4 10.6 6.3 26.1 48.8 20 33.6 36.6 68.5 0 0 6.1-11.7 36.6-68.5 2.1-3.9 6.2-6.3 10.6-6.3H274c9.5-.1 15.2 10.4 10.1 18.4zM384 121.9v6.1H256V0h6.1c6.4 0 12.5 2.5 17 7l97.9 98c4.5 4.5 7 10.6 7 16.9z\"><\/path><\/svg><\/span><\/div><\/div><div class=\"uagb-ifb-content\"><div class=\"uagb-ifb-title-wrap\"><h5 class=\"uagb-ifb-title\">Traslado de cat\u00e1logos desde Excel<\/h5><\/div><div class=\"uagb-ifb-text-wrap\"><p class=\"uagb-ifb-desc\">Si tienes una lista de precios o cat\u00e1logo de productos en Excel, lo integramos en Sadmon y trabajar\u00e1s inmediatamente.<br><br><\/p><\/div><\/div><\/div><\/div><\/div>\n<\/div>\n\n\n\n<div class=\"wp-block-column is-vertically-aligned-center is-layout-flow wp-block-column-is-layout-flow\">\n<div class=\"wp-block-uagb-info-box uagb-infobox__outer-wrap uagb-block-8c35b561\"><div class=\"uagb-infobox__content-wrap uagb-infobox uagb-infobox-has-icon uagb-infobox-icon-left uagb-infobox-left uagb-infobox-stacked-tablet uagb-infobox-image-valign-top uagb-infobox-enable-border-radius \"><div class=\"uagb-ifb-left-right-wrap\"><div class=\"uagb-ifb-image-icon-content uagb-ifb-imgicon-wrap\"><div class=\"uagb-ifb-icon-wrap\"><span class=\"uagb-ifb-icon\"><svg xmlns=\"http:\/\/www.w3.org\/2000\/svg\" viewBox=\"0 0 448 512\"><path d=\"M190.5 66.9l22.2-22.2c9.4-9.4 24.6-9.4 33.9 0L441 239c9.4 9.4 9.4 24.6 0 33.9L246.6 467.3c-9.4 9.4-24.6 9.4-33.9 0l-22.2-22.2c-9.5-9.5-9.3-25 .4-34.3L311.4 296H24c-13.3 0-24-10.7-24-24v-32c0-13.3 10.7-24 24-24h287.4L190.9 101.2c-9.8-9.3-10-24.8-.4-34.3z\"><\/path><\/svg><\/span><\/div><\/div><div class=\"uagb-ifb-content\"><div class=\"uagb-ifb-title-wrap\"><h5 class=\"uagb-ifb-title\"> Ferreter\u00edas, material el\u00e9ctrico, plomeria y giros afines.<\/h5><\/div><div class=\"uagb-ifb-text-wrap\"><p class=\"uagb-ifb-desc\">Se puede incluir el cat\u00e1logo vigente de art\u00edculos de la marca <strong>TRUPER<\/strong> si lo solicitas. El mismo d\u00eda de instalaci\u00f3n del sistema estar\u00e1s vendiendo con precios actuales.<\/p><\/div><\/div><\/div><\/div><\/div>\n\n\n\n<div class=\"wp-block-uagb-info-box uagb-infobox__outer-wrap uagb-block-ceecbd3c\"><div class=\"uagb-infobox__content-wrap uagb-infobox uagb-infobox-has-icon uagb-infobox-icon-left uagb-infobox-left uagb-infobox-stacked-tablet uagb-infobox-image-valign-top uagb-infobox-enable-border-radius \"><div class=\"uagb-ifb-left-right-wrap\"><div class=\"uagb-ifb-image-icon-content uagb-ifb-imgicon-wrap\"><div class=\"uagb-ifb-icon-wrap\"><span class=\"uagb-ifb-icon\"><svg xmlns=\"http:\/\/www.w3.org\/2000\/svg\" viewBox=\"0 0 448 512\"><path d=\"M190.5 66.9l22.2-22.2c9.4-9.4 24.6-9.4 33.9 0L441 239c9.4 9.4 9.4 24.6 0 33.9L246.6 467.3c-9.4 9.4-24.6 9.4-33.9 0l-22.2-22.2c-9.5-9.5-9.3-25 .4-34.3L311.4 296H24c-13.3 0-24-10.7-24-24v-32c0-13.3 10.7-24 24-24h287.4L190.9 101.2c-9.8-9.3-10-24.8-.4-34.3z\"><\/path><\/svg><\/span><\/div><\/div><div class=\"uagb-ifb-content\"><div class=\"uagb-ifb-title-wrap\"><h5 class=\"uagb-ifb-title\"> Ventas por cat\u00e1logos<\/h5><\/div><div class=\"uagb-ifb-text-wrap\"><p class=\"uagb-ifb-desc\">Controla tus cuentas por cobrar, existencias y ganancias. Ventas por cat\u00e1logo o cambaceo (Perfumes, ropa, bisuter\u00eda, cosm\u00e9ticos, etc.)<\/p><\/div><\/div><\/div><\/div><\/div>\n<\/div>\n\n\n\n<div class=\"wp-block-column is-vertically-aligned-center is-layout-flow wp-block-column-is-layout-flow\">\n<div class=\"wp-block-uagb-info-box uagb-infobox__outer-wrap uagb-block-4ff49d6a\"><div class=\"uagb-infobox__content-wrap uagb-infobox uagb-infobox-has-icon uagb-infobox-icon-left uagb-infobox-left uagb-infobox-stacked-tablet uagb-infobox-image-valign-top uagb-infobox-enable-border-radius \"><div class=\"uagb-ifb-left-right-wrap\"><div class=\"uagb-ifb-image-icon-content uagb-ifb-imgicon-wrap\"><div class=\"uagb-ifb-icon-wrap\"><span class=\"uagb-ifb-icon\"><svg xmlns=\"http:\/\/www.w3.org\/2000\/svg\" viewBox=\"0 0 448 512\"><path d=\"M190.5 66.9l22.2-22.2c9.4-9.4 24.6-9.4 33.9 0L441 239c9.4 9.4 9.4 24.6 0 33.9L246.6 467.3c-9.4 9.4-24.6 9.4-33.9 0l-22.2-22.2c-9.5-9.5-9.3-25 .4-34.3L311.4 296H24c-13.3 0-24-10.7-24-24v-32c0-13.3 10.7-24 24-24h287.4L190.9 101.2c-9.8-9.3-10-24.8-.4-34.3z\"><\/path><\/svg><\/span><\/div><\/div><div class=\"uagb-ifb-content\"><div class=\"uagb-ifb-title-wrap\"><h5 class=\"uagb-ifb-title\"> Refaccionarias, equipo pesado, c\u00f3mputo, abarrotes, dulcer\u00edas, farmacias y muchos m\u00e1s.<\/h5><\/div><div class=\"uagb-ifb-text-wrap\"><p class=\"uagb-ifb-desc\">Con b\u00fasqueda por Clave, No. de parte, Descripci\u00f3n o cualquier cadena de caracteres.<br><\/p><\/div><\/div><\/div><\/div><\/div>\n\n\n\n<div class=\"wp-block-uagb-info-box uagb-infobox__outer-wrap uagb-block-eebfaba5\"><div class=\"uagb-infobox__content-wrap uagb-infobox uagb-infobox-has-icon uagb-infobox-icon-left uagb-infobox-left uagb-infobox-stacked-tablet uagb-infobox-image-valign-top uagb-infobox-enable-border-radius \"><div class=\"uagb-ifb-left-right-wrap\"><div class=\"uagb-ifb-image-icon-content uagb-ifb-imgicon-wrap\"><div class=\"uagb-ifb-icon-wrap\"><span class=\"uagb-ifb-icon\"><svg xmlns=\"http:\/\/www.w3.org\/2000\/svg\" viewBox=\"0 0 448 512\"><path d=\"M190.5 66.9l22.2-22.2c9.4-9.4 24.6-9.4 33.9 0L441 239c9.4 9.4 9.4 24.6 0 33.9L246.6 467.3c-9.4 9.4-24.6 9.4-33.9 0l-22.2-22.2c-9.5-9.5-9.3-25 .4-34.3L311.4 296H24c-13.3 0-24-10.7-24-24v-32c0-13.3 10.7-24 24-24h287.4L190.9 101.2c-9.8-9.3-10-24.8-.4-34.3z\"><\/path><\/svg><\/span><\/div><\/div><div class=\"uagb-ifb-content\"><div class=\"uagb-ifb-title-wrap\"><h5 class=\"uagb-ifb-title\">Venta de plata y piedras minerales<\/h5><\/div><div class=\"uagb-ifb-text-wrap\"><p class=\"uagb-ifb-desc\">Ventas por gramo, pieza, hilo. Actualiza diariamente el costo del gramo de plata y tus precios de venta se actualizar\u00e1n autom\u00e1ticamente.<\/p><\/div><\/div><\/div><\/div><\/div>\n<\/div>\n<\/div>\n\n\n\n<hr class=\"wp-block-separator aligncenter has-alpha-channel-opacity is-style-dots\"\/>\n\n\n\n<div class=\"wp-block-media-text alignwide is-stacked-on-mobile is-vertically-aligned-center has-ast-global-color-0-background-color has-background\"><figure class=\"wp-block-media-text__media\"><img loading=\"lazy\" decoding=\"async\" width=\"810\" height=\"420\" src=\"https:\/\/www.sadmon.com.mx\/wp-content\/uploads\/2022\/08\/Pagina-web.jpg\" alt=\"\" class=\"wp-image-585 size-full\" srcset=\"https:\/\/www.sadmon.com.mx\/wp-content\/uploads\/2022\/08\/Pagina-web.jpg 810w, https:\/\/www.sadmon.com.mx\/wp-content\/uploads\/2022\/08\/Pagina-web-300x156.jpg 300w, https:\/\/www.sadmon.com.mx\/wp-content\/uploads\/2022\/08\/Pagina-web-768x398.jpg 768w, https:\/\/www.sadmon.com.mx\/wp-content\/uploads\/2022\/08\/Pagina-web-600x311.jpg 600w\" sizes=\"auto, (max-width: 810px) 100vw, 810px\" \/><\/figure><div class=\"wp-block-media-text__content\">\n<h2 class=\"has-text-align-center has-luminous-vivid-amber-background-color has-background wp-block-heading\">\u00a1<strong>NUEVO SERVICIO!<\/strong>      Dise\u00f1o de Sitios Web<\/h2>\n\n\n\n<p class=\"has-ast-global-color-5-color has-ast-global-color-0-background-color has-text-color has-background\">\u00bfTe interesa un dise\u00f1o como \u00e9ste Website? Empieza con un sitio b\u00e1sico, p\u00e1gina de inicio, p\u00e1gina de contacto y ubicaci\u00f3n, pagina de promociones y solicitud de cotizaciones. Transmite la personalidad y formalidad de tu empresa a trav\u00e9s de un Sitio Web de vanguardia.<\/p>\n\n\n\n<p><\/p>\n<\/div><\/div>\n\n\n\n<div style=\"height:40px\" aria-hidden=\"true\" class=\"wp-block-spacer\"><\/div>\n\n\n\n<hr class=\"wp-block-separator alignfull has-alpha-channel-opacity is-style-dots\"\/>\n\n\n\n<div class=\"inherit-container-width wp-block-group is-layout-constrained wp-block-group-is-layout-constrained\"><div class=\"wp-block-group__inner-container\">\n<div class=\"wp-block-columns are-vertically-aligned-center has-background is-layout-flex wp-container-core-columns-is-layout-28f84493 wp-block-columns-is-layout-flex\" style=\"background-color:#c1c1c1\">\n<div class=\"wp-block-column is-vertically-aligned-center is-layout-flow wp-block-column-is-layout-flow\">\n<div class=\"inherit-container-width wp-block-group has-ast-global-color-8-background-color has-background is-layout-constrained wp-block-group-is-layout-constrained\"><div class=\"wp-block-group__inner-container\">\n<figure class=\"wp-block-image size-full\"><img loading=\"lazy\" decoding=\"async\" width=\"413\" height=\"418\" src=\"https:\/\/www.sadmon.com.mx\/wp-content\/uploads\/2022\/08\/Pos1.png\" alt=\"\" class=\"wp-image-481\" srcset=\"https:\/\/www.sadmon.com.mx\/wp-content\/uploads\/2022\/08\/Pos1.png 413w, https:\/\/www.sadmon.com.mx\/wp-content\/uploads\/2022\/08\/Pos1-296x300.png 296w, https:\/\/www.sadmon.com.mx\/wp-content\/uploads\/2022\/08\/Pos1-100x100.png 100w\" sizes=\"auto, (max-width: 413px) 100vw, 413px\" \/><\/figure>\n\n\n\n<h4 class=\"wp-block-heading\">Dispositivos soportados<\/h4>\n\n\n\n<p>Miniprinter t\u00e9rmica o matriz de puntos, caj\u00f3n de dinero, lectores de c\u00f3digos de barras 1D y QR<\/p>\n\n\n\n<p class=\"has-ast-global-color-0-color has-text-color has-small-font-size\">VER DISPONIBILIDAD<\/p>\n<\/div><\/div>\n<\/div>\n\n\n\n<div class=\"wp-block-column is-vertically-aligned-center is-layout-flow wp-block-column-is-layout-flow\">\n<div class=\"inherit-container-width wp-block-group has-ast-global-color-8-background-color has-background is-layout-constrained wp-block-group-is-layout-constrained\"><div class=\"wp-block-group__inner-container\">\n<figure class=\"wp-block-image size-large\"><img loading=\"lazy\" decoding=\"async\" width=\"1024\" height=\"742\" src=\"https:\/\/www.sadmon.com.mx\/wp-content\/uploads\/2022\/08\/Equipo1-1024x742.png\" alt=\"\" class=\"wp-image-538\" srcset=\"https:\/\/www.sadmon.com.mx\/wp-content\/uploads\/2022\/08\/Equipo1-1024x742.png 1024w, https:\/\/www.sadmon.com.mx\/wp-content\/uploads\/2022\/08\/Equipo1-300x217.png 300w, https:\/\/www.sadmon.com.mx\/wp-content\/uploads\/2022\/08\/Equipo1-768x557.png 768w, https:\/\/www.sadmon.com.mx\/wp-content\/uploads\/2022\/08\/Equipo1-600x435.png 600w, https:\/\/www.sadmon.com.mx\/wp-content\/uploads\/2022\/08\/Equipo1.png 1156w\" sizes=\"auto, (max-width: 1024px) 100vw, 1024px\" \/><\/figure>\n\n\n\n<h4 class=\"wp-block-heading\">Equipo de uso<\/h4>\n\n\n\n<p>Disponemos de equipo de uso garantizado a excelentes precios para iniciar tu operaci\u00f3n con baja inversi\u00f3n.<\/p>\n\n\n\n<div style=\"height:134px\" aria-hidden=\"true\" class=\"wp-block-spacer\"><\/div>\n\n\n\n<p class=\"has-ast-global-color-0-color has-text-color has-small-font-size\">VER DISPONIBILIDAD<\/p>\n<\/div><\/div>\n<\/div>\n\n\n\n<div class=\"wp-block-column is-vertically-aligned-center is-layout-flow wp-block-column-is-layout-flow\">\n<div class=\"inherit-container-width wp-block-group has-ast-global-color-8-background-color has-background is-layout-constrained wp-block-group-is-layout-constrained\"><div class=\"wp-block-group__inner-container\">\n<figure class=\"wp-block-image size-full\"><img loading=\"lazy\" decoding=\"async\" width=\"722\" height=\"634\" src=\"https:\/\/www.sadmon.com.mx\/wp-content\/uploads\/2022\/08\/Teamviewer-1.png\" alt=\"\" class=\"wp-image-534\" srcset=\"https:\/\/www.sadmon.com.mx\/wp-content\/uploads\/2022\/08\/Teamviewer-1.png 722w, https:\/\/www.sadmon.com.mx\/wp-content\/uploads\/2022\/08\/Teamviewer-1-300x263.png 300w, https:\/\/www.sadmon.com.mx\/wp-content\/uploads\/2022\/08\/Teamviewer-1-600x527.png 600w\" sizes=\"auto, (max-width: 722px) 100vw, 722px\" \/><\/figure>\n\n\n\n<h4 class=\"wp-block-heading\">Cursos en l\u00ednea<\/h4>\n\n\n\n<p>Capacitaciones a control remoto v\u00eda internet sobre la funcionalidad del sistema Sadmon apegada a las necesidades reales de su negocio.<\/p>\n\n\n\n<p><\/p>\n\n\n\n<p class=\"has-ast-global-color-0-color has-text-color has-small-font-size\">AGENDA UNA CITA<\/p>\n<\/div><\/div>\n<\/div>\n<\/div>\n<\/div><\/div>\n<\/div><\/div>\n\n\n\n<hr class=\"wp-block-separator aligncenter has-alpha-channel-opacity\"\/>\n\n\n\n<div class=\"inherit-container-width wp-block-group alignfull has-ast-global-color-5-background-color has-background is-layout-constrained wp-block-group-is-layout-constrained\"><div class=\"wp-block-group__inner-container\">\n<div class=\"wp-block-columns is-layout-flex wp-container-core-columns-is-layout-28f84493 wp-block-columns-is-layout-flex\">\n<div class=\"wp-block-column is-layout-flow wp-block-column-is-layout-flow\">\n<h2 class=\"wp-block-heading\">Testimonios<\/h2>\n\n\n\n<p class=\"has-medium-font-size\"><strong>Nuestra FILOSOF\u00cdA de trabajo es: \u00abClientes para siempre, no buscamos cliente de ocasi\u00f3n.\u00bb Agradecemos la confianza a todos nuestros clientes, la mayor\u00eda con m\u00e1s de 20 a\u00f1os de colaboraci\u00f3n conjunta.<\/strong><\/p>\n\n\n\n<div style=\"height:30px\" aria-hidden=\"true\" class=\"wp-block-spacer\"><\/div>\n\n\n\n<div class=\"wp-block-media-text alignwide is-stacked-on-mobile has-ast-global-color-4-background-color has-background\" style=\"grid-template-columns:41% auto\"><figure class=\"wp-block-media-text__media\"><img decoding=\"async\" src=\"https:\/\/www.sadmon.com.mx\/wp-content\/uploads\/2020\/08\/user1-free-img.jpg\" alt=\"\" class=\"wp-image-35 size-full\"\/><\/figure><div class=\"wp-block-media-text__content\">\n<p>Neque porro quisquam est, qui dolore ipsum quia dolor sit amet, consectetur adipisci velit, sed quia non numquam eius modi tempora incidunt.<\/p>\n\n\n\n<h5 class=\"wp-block-heading\">Sarah Jones<\/h5>\n\n\n\n<p class=\"has-small-font-size\">Interior Designer<\/p>\n<\/div><\/div>\n<\/div>\n\n\n\n<div class=\"wp-block-column is-layout-flow wp-block-column-is-layout-flow\">\n<div class=\"wp-block-media-text alignwide is-stacked-on-mobile has-ast-global-color-4-background-color has-background\" style=\"grid-template-columns:41% auto\"><figure class=\"wp-block-media-text__media\"><img decoding=\"async\" src=\"https:\/\/www.sadmon.com.mx\/wp-content\/uploads\/2020\/08\/testimonial-2.jpg\" alt=\"\" class=\"wp-image-34 size-full\"\/><\/figure><div class=\"wp-block-media-text__content\">\n<p>Neque porro quisquam est, qui dolore ipsum quia dolor sit amet, consectetur adipisci velit, sed quia non numquam eius modi tempora incidunt.<\/p>\n\n\n\n<h5 class=\"wp-block-heading\">Jessica Foxx<\/h5>\n\n\n\n<p class=\"has-small-font-size\">Student<\/p>\n<\/div><\/div>\n\n\n\n<div style=\"height:30px\" aria-hidden=\"true\" class=\"wp-block-spacer\"><\/div>\n\n\n\n<div class=\"wp-block-media-text alignwide is-stacked-on-mobile has-ast-global-color-4-background-color has-background\" style=\"grid-template-columns:41% auto\"><figure class=\"wp-block-media-text__media\"><img decoding=\"async\" src=\"https:\/\/www.sadmon.com.mx\/wp-content\/uploads\/2020\/08\/user3-free-img.jpg\" alt=\"\" class=\"wp-image-36 size-full\"\/><\/figure><div class=\"wp-block-media-text__content\">\n<p>Neque porro quisquam est, qui dolore ipsum quia dolor sit amet, consectetur adipisci velit, sed quia non numquam eius modi tempora incidunt.<\/p>\n\n\n\n<h5 class=\"wp-block-heading\">Briana Luke<\/h5>\n\n\n\n<p class=\"has-small-font-size\">Student<\/p>\n<\/div><\/div>\n<\/div>\n<\/div>\n<\/div><\/div>\n","protected":false},"excerpt":{"rendered":"<p>\u00a1NUEVO SERVICIO! Dise\u00f1o de Sitios Web \u00bfTe interesa un dise\u00f1o como \u00e9ste Website? Empieza con un sitio b\u00e1sico, p\u00e1gina de inicio, p\u00e1gina de contacto y ubicaci\u00f3n, pagina de promociones y solicitud de cotizaciones. Transmite la personalidad y formalidad de tu empresa a trav\u00e9s de un Sitio Web de vanguardia. Dispositivos soportados Miniprinter t\u00e9rmica o matriz &hellip;<\/p>\n<p class=\"read-more\"> <a class=\"\" href=\"https:\/\/www.sadmon.com.mx\/\"> <span class=\"screen-reader-text\">Home<\/span> Leer m\u00e1s &raquo;<\/a><\/p>\n","protected":false},"author":1,"featured_media":0,"parent":0,"menu_order":0,"comment_status":"closed","ping_status":"closed","template":"","meta":{"site-sidebar-layout":"default","site-content-layout":"plain-container","ast-global-header-display":"","ast-main-header-display":"","ast-hfb-above-header-display":"","ast-hfb-below-header-display":"","ast-hfb-mobile-header-display":"","site-post-title":"disabled","ast-breadcrumbs-content":"","ast-featured-img":"","footer-sml-layout":"","theme-transparent-header-meta":"enabled","adv-header-id-meta":"","stick-header-meta":"","header-above-stick-meta":"","header-main-stick-meta":"","header-below-stick-meta":"","footnotes":""},"class_list":["post-188","page","type-page","status-publish","hentry"],"uagb_featured_image_src":{"full":false,"thumbnail":false,"medium":false,"medium_large":false,"large":false,"1536x1536":false,"2048x2048":false,"woocommerce_thumbnail":false,"woocommerce_single":false,"woocommerce_gallery_thumbnail":false,"shop_catalog":false,"shop_single":false,"shop_thumbnail":false},"uagb_author_info":{"display_name":"alexvegav","author_link":"https:\/\/www.sadmon.com.mx\/?author=1"},"uagb_comment_info":0,"uagb_excerpt":"\u00a1NUEVO SERVICIO! Dise\u00f1o de Sitios Web \u00bfTe interesa un dise\u00f1o como \u00e9ste Website? Empieza con un sitio b\u00e1sico, p\u00e1gina de inicio, p\u00e1gina de contacto y ubicaci\u00f3n, pagina de promociones y solicitud de cotizaciones. Transmite la personalidad y formalidad de tu empresa a trav\u00e9s de un Sitio Web de vanguardia. Dispositivos soportados Miniprinter t\u00e9rmica o matriz&hellip;","_links":{"self":[{"href":"https:\/\/www.sadmon.com.mx\/index.php?rest_route=\/wp\/v2\/pages\/188","targetHints":{"allow":["GET"]}}],"collection":[{"href":"https:\/\/www.sadmon.com.mx\/index.php?rest_route=\/wp\/v2\/pages"}],"about":[{"href":"https:\/\/www.sadmon.com.mx\/index.php?rest_route=\/wp\/v2\/types\/page"}],"author":[{"embeddable":true,"href":"https:\/\/www.sadmon.com.mx\/index.php?rest_route=\/wp\/v2\/users\/1"}],"replies":[{"embeddable":true,"href":"https:\/\/www.sadmon.com.mx\/index.php?rest_route=%2Fwp%2Fv2%2Fcomments&post=188"}],"version-history":[{"count":119,"href":"https:\/\/www.sadmon.com.mx\/index.php?rest_route=\/wp\/v2\/pages\/188\/revisions"}],"predecessor-version":[{"id":682,"href":"https:\/\/www.sadmon.com.mx\/index.php?rest_route=\/wp\/v2\/pages\/188\/revisions\/682"}],"wp:attachment":[{"href":"https:\/\/www.sadmon.com.mx\/index.php?rest_route=%2Fwp%2Fv2%2Fmedia&parent=188"}],"curies":[{"name":"wp","href":"https:\/\/api.w.org\/{rel}","templated":true}]}}