{"id":120,"date":"2020-08-20T10:02:57","date_gmt":"2020-08-20T10:02:57","guid":{"rendered":"https:\/\/www.sadmon.com.mx\/?page_id=120"},"modified":"2022-08-20T02:48:18","modified_gmt":"2022-08-20T02:48:18","slug":"contact-us","status":"publish","type":"page","link":"https:\/\/www.sadmon.com.mx\/?page_id=120","title":{"rendered":"Contact Us"},"content":{"rendered":"\n<div class=\"wp-block-cover alignfull is-light\" style=\"min-height:476px;aspect-ratio:unset;\"><span aria-hidden=\"true\" class=\"wp-block-cover__background has-ast-global-color-2-background-color has-background-dim-0 has-background-dim\"><\/span><img loading=\"lazy\" decoding=\"async\" width=\"1920\" height=\"1080\" class=\"wp-block-cover__image-background wp-image-476\" alt=\"\" src=\"https:\/\/www.sadmon.com.mx\/wp-content\/uploads\/2022\/08\/31320-azul.jpg\" style=\"object-position:100% 50%\" data-object-fit=\"cover\" data-object-position=\"100% 50%\" srcset=\"https:\/\/www.sadmon.com.mx\/wp-content\/uploads\/2022\/08\/31320-azul.jpg 1920w, https:\/\/www.sadmon.com.mx\/wp-content\/uploads\/2022\/08\/31320-azul-300x169.jpg 300w, https:\/\/www.sadmon.com.mx\/wp-content\/uploads\/2022\/08\/31320-azul-1024x576.jpg 1024w, https:\/\/www.sadmon.com.mx\/wp-content\/uploads\/2022\/08\/31320-azul-768x432.jpg 768w, https:\/\/www.sadmon.com.mx\/wp-content\/uploads\/2022\/08\/31320-azul-1536x864.jpg 1536w, https:\/\/www.sadmon.com.mx\/wp-content\/uploads\/2022\/08\/31320-azul-600x338.jpg 600w\" sizes=\"auto, (max-width: 1920px) 100vw, 1920px\" \/><div class=\"wp-block-cover__inner-container is-layout-flow wp-block-cover-is-layout-flow\">\n<h1 class=\"has-luminous-vivid-amber-color has-text-color wp-block-heading\">Cont\u00e1ctanos<\/h1>\n<\/div><\/div>\n\n\n\n<div class=\"inherit-container-width wp-block-group alignfull has-ast-global-color-4-background-color has-background is-layout-constrained wp-block-group-is-layout-constrained\"><div class=\"wp-block-group__inner-container\">\n<div class=\"wp-block-columns is-layout-flex wp-container-core-columns-is-layout-28f84493 wp-block-columns-is-layout-flex\">\n<div class=\"wp-block-column is-layout-flow wp-block-column-is-layout-flow\" style=\"flex-basis:50%\">\n<h3 class=\"wp-block-heading\">Env\u00edanos un mensaje<\/h3>\n\n\n\n<div class=\"inherit-container-width wp-block-group has-ast-global-color-5-background-color has-background is-layout-constrained wp-block-group-is-layout-constrained\"><div class=\"wp-block-group__inner-container\"><\/div><\/div>\n<\/div>\n\n\n\n<div class=\"wp-block-column is-layout-flow wp-block-column-is-layout-flow\" style=\"flex-basis:30%\">\n<h3 class=\"wp-block-heading\"><\/h3>\n<\/div>\n\n\n\n<div class=\"wp-block-column is-layout-flow wp-block-column-is-layout-flow\" style=\"flex-basis:20%\">\n<h3 class=\"wp-block-heading\">Informaci\u00f3n<\/h3>\n\n\n\n<h4 class=\"wp-block-heading\">Domicilio oficina<\/h4>\n\n\n\n<p>Av. 83 Poniente No. 1317\u200b Col. Campestre Mayorazgo Puebla, M\u00e9xico  C.P. 72450<\/p>\n\n\n\n<h4 class=\"wp-block-heading\">Correos<\/h4>\n\n\n\n<p>alexvegav@hotmail.com<br>soporte@sadmon.com.mx<\/p>\n\n\n\n<h4 class=\"wp-block-heading\">Tel\u00e9fonos<\/h4>\n\n\n\n<p>+52 222 868-2000 Oficina<br>+52 222 489-33xx      M\u00f3vil<\/p>\n<\/div>\n<\/div>\n<\/div><\/div>\n","protected":false},"excerpt":{"rendered":"<p>Env\u00edanos un mensaje Informaci\u00f3n Domicilio oficina Av. 83 Poniente No. 1317\u200b Col. Campestre Mayorazgo Puebla, M\u00e9xico C.P. 72450 Correos alexvegav@hotmail.comsoporte@sadmon.com.mx Tel\u00e9fonos +52 222 868-2000 Oficina+52 222 489-33xx M\u00f3vil<\/p>\n","protected":false},"author":1,"featured_media":0,"parent":0,"menu_order":0,"comment_status":"closed","ping_status":"closed","template":"","meta":{"site-sidebar-layout":"default","site-content-layout":"plain-container","ast-global-header-display":"","ast-main-header-display":"","ast-hfb-above-header-display":"","ast-hfb-below-header-display":"","ast-hfb-mobile-header-display":"","site-post-title":"disabled","ast-breadcrumbs-content":"","ast-featured-img":"disabled","footer-sml-layout":"","theme-transparent-header-meta":"default","adv-header-id-meta":"","stick-header-meta":"","header-above-stick-meta":"","header-main-stick-meta":"","header-below-stick-meta":"","footnotes":""},"class_list":["post-120","page","type-page","status-publish","hentry"],"uagb_featured_image_src":{"full":false,"thumbnail":false,"medium":false,"medium_large":false,"large":false,"1536x1536":false,"2048x2048":false,"woocommerce_thumbnail":false,"woocommerce_single":false,"woocommerce_gallery_thumbnail":false,"shop_catalog":false,"shop_single":false,"shop_thumbnail":false},"uagb_author_info":{"display_name":"alexvegav","author_link":"https:\/\/www.sadmon.com.mx\/?author=1"},"uagb_comment_info":0,"uagb_excerpt":"Env\u00edanos un mensaje Informaci\u00f3n Domicilio oficina Av. 83 Poniente No. 1317\u200b Col. Campestre Mayorazgo Puebla, M\u00e9xico C.P. 72450 Correos alexvegav@hotmail.comsoporte@sadmon.com.mx Tel\u00e9fonos +52 222 868-2000 Oficina+52 222 489-33xx M\u00f3vil","_links":{"self":[{"href":"https:\/\/www.sadmon.com.mx\/index.php?rest_route=\/wp\/v2\/pages\/120","targetHints":{"allow":["GET"]}}],"collection":[{"href":"https:\/\/www.sadmon.com.mx\/index.php?rest_route=\/wp\/v2\/pages"}],"about":[{"href":"https:\/\/www.sadmon.com.mx\/index.php?rest_route=\/wp\/v2\/types\/page"}],"author":[{"embeddable":true,"href":"https:\/\/www.sadmon.com.mx\/index.php?rest_route=\/wp\/v2\/users\/1"}],"replies":[{"embeddable":true,"href":"https:\/\/www.sadmon.com.mx\/index.php?rest_route=%2Fwp%2Fv2%2Fcomments&post=120"}],"version-history":[{"count":7,"href":"https:\/\/www.sadmon.com.mx\/index.php?rest_route=\/wp\/v2\/pages\/120\/revisions"}],"predecessor-version":[{"id":552,"href":"https:\/\/www.sadmon.com.mx\/index.php?rest_route=\/wp\/v2\/pages\/120\/revisions\/552"}],"wp:attachment":[{"href":"https:\/\/www.sadmon.com.mx\/index.php?rest_route=%2Fwp%2Fv2%2Fmedia&parent=120"}],"curies":[{"name":"wp","href":"https:\/\/api.w.org\/{rel}","templated":true}]}}